{"id":6,"date":"2026-04-21T12:42:27","date_gmt":"2026-04-21T12:42:27","guid":{"rendered":"https:\/\/www.chanceux.fi\/?page_id=6"},"modified":"2026-04-21T12:42:27","modified_gmt":"2026-04-21T12:42:27","slug":"tervetuloa-tutustumaan-coton-de-tulear-rotuun","status":"publish","type":"page","link":"https:\/\/www.chanceux.fi\/index.php\/tervetuloa-tutustumaan-coton-de-tulear-rotuun\/","title":{"rendered":"Tervetuloa tutustumaan coton de tul\u00e9ar -rotuun"},"content":{"rendered":"\n<figure class=\"wp-block-image size-full\"><img loading=\"lazy\" decoding=\"async\" width=\"1000\" height=\"1000\" src=\"https:\/\/www.chanceux.fi\/wp-content\/uploads\/2026\/04\/logo_chanceux.jpg\" alt=\"\" class=\"wp-image-8\" srcset=\"https:\/\/www.chanceux.fi\/wp-content\/uploads\/2026\/04\/logo_chanceux.jpg 1000w, https:\/\/www.chanceux.fi\/wp-content\/uploads\/2026\/04\/logo_chanceux-300x300.jpg 300w, https:\/\/www.chanceux.fi\/wp-content\/uploads\/2026\/04\/logo_chanceux-150x150.jpg 150w, https:\/\/www.chanceux.fi\/wp-content\/uploads\/2026\/04\/logo_chanceux-768x768.jpg 768w\" sizes=\"auto, (max-width: 1000px) 100vw, 1000px\" \/><\/figure>\n\n\n\n<p><strong>Olen Sade-Maria Peteri ja asun Rovaniemell\u00e4.<\/strong><\/p>\n\n\n\n<p><strong>Kotonani on aina ollut koira, lapsuudenkodissani cairnterrieri Amanda, joka eli liki 15 vuotiaaksi.<\/strong><\/p>\n\n\n\n<p><strong>Olin haudannut koirahaaveet omalta osaltani puolisoni allergian takia, mutta \u00e4itini alkoi puhua koiranhankkimisesta loppuvuodesta 2010. Tein tutkimusty\u00f6t\u00e4 ja l\u00f6ysin cotonin, tietysti my\u00f6s allergiaa silm\u00e4ll\u00e4pit\u00e4en. <\/strong><\/p>\n\n\n\n<p><strong>Kotonani asuu minun, puolisoni sek\u00e4 11\/2019 syntyneen tytt\u00e4remme lis\u00e4ksi cotonimme Toivo (s. -16), Toivon tyt\u00e4r Tilda (s. -19) sek\u00e4 Tildan tyt\u00e4r Tessa (s.-24).<\/strong><\/p>\n\n\n\n<p><strong>Koirat ovat minulle el\u00e4m\u00e4ntapa ja perheenj\u00e4seni\u00e4. Kasvattaminen ja n\u00e4yttelyt ovat harrastus, joita on mukavaa tehd\u00e4 yst\u00e4vien kanssa ja tutustua uusiin samanhenkisiin ihmisiin. Kasvattaminen on minulle nimenomaan harrastus leip\u00e4ty\u00f6ni ollessa kodin ulkopuolella.<\/strong><\/p>\n\n\n\n<p><strong>T\u00e4ll\u00e4 hetkell\u00e4 minulla on kotonani yksi jalostusnarttu, joten p\u00e4\u00e4osin kennelnimelleni rekister\u00f6it\u00e4v\u00e4t pentueet ovat joko yhteisomistusnarttujeni tai kasvattiperheideni omistamien narttujen pentueita.<\/strong><\/p>\n\n\n\n<p><strong>Olen j\u00e4senen\u00e4 Suomen Kennelliitossa, Suomen K\u00e4\u00e4pi\u00f6koirat ry:ss\u00e4, Suomen Coton de Tul\u00e9ar ry:ss\u00e4 sek\u00e4 Suomen Koirankasvattajat ry:ss\u00e4.<\/strong><\/p>\n\n\n\n<p><strong>Vuonna 2017 minut palkittiin Suomen Koirankasvattajat ry:n Lapin alueyhdistyksen toimesta Vuoden 2017 Lappilaiseksi kasvattajaksi. Palkinto pohjautuu kasvattieni n\u00e4yttelymenestykseen. Vaikka olenkin intohimoinen n\u00e4yttelyharrastaja, ensisijaisena kriteerin\u00e4 pennulle kotia hakiessa on hyv\u00e4 ja rakastava, koiraan sitoutuva perhe, ei se onko koira pitk\u00e4ss\u00e4 vai lyhyess\u00e4 turkissa. Min\u00e4 en myy &#8221;koti&#8221; tai &#8221;n\u00e4yttely&#8221;koiria, koska minulle jokainen koira on ensisijaisesti koti- ja seurakoira, harrastettiin sen kanssa mit\u00e4 tahansa.<\/strong><\/p>\n\n\n\n<p><strong>Minut on palkittu my\u00f6s Suomen Kennelliiton ansiokkaasta kasvatuksesta saavutetulla Vuolasvirta-palkinnolla coton de tul\u00e9ar-rodun parissa v.-21 ja Suomen Koirankasvattajat ry:n kasvattajapalkinnolla v.-25.<\/strong><\/p>\n\n\n\n<p><strong>Ota rohkeasti yhteytt\u00e4, mik\u00e4li coton rotuna kiinnostaa. Kerron mielell\u00e4ni lis\u00e4\u00e4 ja opastan cotonin turkinhoitoon. Mik\u00e4li koiran\u00e4yttelyt kiinnostavat, autan mielell\u00e4ni my\u00f6s sill\u00e4 saralla.<\/strong><\/p>\n\n\n\n<p>My name is Sade-Maria Peteri and I live in Rovaniemi.<\/p>\n\n\n\n<p>There has always been a dog in my home. In my childhood home, we had a Cairn Terrier named Amanda, who lived to nearly 15 years of age.<\/p>\n\n\n\n<p>I had given up on my own dream of having a dog due to my partner\u2019s allergy, but toward the end of 2010 my mother started talking about getting a dog. I did some research and discovered the Coton de Tul\u00e9ar, naturally also keeping allergies in mind.<\/p>\n\n\n\n<p>In my home live, in addition to myself, my partner, and our daughter born in November 2019, our Coton Toivo (b. 2016), Toivo\u2019s daughter Tilda (b. 2019), and Tilda\u2019s daughter Tessa (b. 2024).<\/p>\n\n\n\n<p>Dogs are a way of life for me and they are members of the family. Breeding and dog shows are hobbies that I enjoy doing with friends, and they offer a chance to meet new like-minded people. For me, breeding is specifically a hobby, as my primary occupation is outside the home.<\/p>\n\n\n\n<p>At the moment, I have one breeding female at home, so the litters registered under my kennel name are mainly from co-owned females or from females owned by my breeding families.<\/p>\n\n\n\n<p>I am a member of the Finnish Kennel Club, the Finnish Toy Dog Association, the Finnish Coton de Tul\u00e9ar Association, and the Finnish Dog Breeders Association.<\/p>\n\n\n\n<p>In 2017, I was awarded \u201cLapland Breeder of the Year 2017\u201d by the Lapland regional association of the Finnish Dog Breeders Association. The award is based on the show success of my bred dogs. Although I am a passionate dog show enthusiast, my primary criterion when looking for homes for puppies is a good, loving, and committed family\u2014not whether the dog will be kept in a long or short coat. I do not sell \u201cpet\u201d or \u201cshow\u201d dogs, because to me every dog is first and foremost a companion and family dog, regardless of what activities it participates in.<\/p>\n\n\n\n<p>I have also been awarded the Vuolasvirta Award by the Finnish Kennel Club for meritorious breeding work with the Coton de Tul\u00e9ar breed in 2021, as well as the Breeder Award from the Finnish Dog Breeders Association in 2025.<\/p>\n\n\n\n<p>Please feel free to get in touch if you are interested in the Coton de Tul\u00e9ar breed. I am happy to provide more information and guidance on coat care. If you are interested in dog shows, I am also glad to help in that area.<\/p>\n","protected":false},"excerpt":{"rendered":"<p>Olen Sade-Maria Peteri ja asun Rovaniemell\u00e4. Kotonani on aina ollut koira, lapsuudenkodissani cairnterrieri Amanda, joka eli liki 15 vuotiaaksi. Olin haudannut koirahaaveet omalta osaltani puolisoni allergian takia, mutta \u00e4itini alkoi puhua koiranhankkimisesta loppuvuodesta 2010. Tein tutkimusty\u00f6t\u00e4 ja l\u00f6ysin cotonin, tietysti my\u00f6s allergiaa silm\u00e4ll\u00e4pit\u00e4en. Kotonani asuu minun, puolisoni sek\u00e4 11\/2019 syntyneen tytt\u00e4remme lis\u00e4ksi cotonimme Toivo (s. [&hellip;]<\/p>\n","protected":false},"author":1,"featured_media":0,"parent":0,"menu_order":0,"comment_status":"closed","ping_status":"closed","template":"","meta":{"footnotes":""},"class_list":["post-6","page","type-page","status-publish","hentry"],"_links":{"self":[{"href":"https:\/\/www.chanceux.fi\/index.php\/wp-json\/wp\/v2\/pages\/6","targetHints":{"allow":["GET"]}}],"collection":[{"href":"https:\/\/www.chanceux.fi\/index.php\/wp-json\/wp\/v2\/pages"}],"about":[{"href":"https:\/\/www.chanceux.fi\/index.php\/wp-json\/wp\/v2\/types\/page"}],"author":[{"embeddable":true,"href":"https:\/\/www.chanceux.fi\/index.php\/wp-json\/wp\/v2\/users\/1"}],"replies":[{"embeddable":true,"href":"https:\/\/www.chanceux.fi\/index.php\/wp-json\/wp\/v2\/comments?post=6"}],"version-history":[{"count":1,"href":"https:\/\/www.chanceux.fi\/index.php\/wp-json\/wp\/v2\/pages\/6\/revisions"}],"predecessor-version":[{"id":9,"href":"https:\/\/www.chanceux.fi\/index.php\/wp-json\/wp\/v2\/pages\/6\/revisions\/9"}],"wp:attachment":[{"href":"https:\/\/www.chanceux.fi\/index.php\/wp-json\/wp\/v2\/media?parent=6"}],"curies":[{"name":"wp","href":"https:\/\/api.w.org\/{rel}","templated":true}]}}