{"id":2,"date":"2026-04-21T15:31:23","date_gmt":"2026-04-21T15:31:23","guid":{"rendered":"https:\/\/www.chanceux.fi\/?page_id=2"},"modified":"2026-04-21T12:51:33","modified_gmt":"2026-04-21T12:51:33","slug":"sample-page","status":"publish","type":"page","link":"https:\/\/www.chanceux.fi\/index.php\/sample-page\/","title":{"rendered":"Ota yhteytt\u00e4"},"content":{"rendered":"\n<p><\/p>\n\n\n\n<p>Sade-Maria Peteri<br>Rovaniemi<\/p>\n\n\n\n<p>kennel.chanceux (at) gmail.com<\/p>\n\n\n\n<p><\/p>\n\n\n\n<p>Koska koiraharrastus on minulle nimenomaan harrastus muun el\u00e4m\u00e4n ohessa, otan pentukyselyit\u00e4 vastaan ainoastaan s\u00e4hk\u00f6postitse, koska minulla ei ole t\u00f6iden ja lapsiperhearjen keskell\u00e4 aikaa vastata pentukyselyihin puhelimitse. <\/p>\n\n\n\n<p>Puhelinkeskusteluun p\u00e4\u00e4st\u00e4\u00e4n niiden perheiden kanssa, joille pentua olisin harkitsemassa, siin\u00e4 vaiheessa kun pennut ovat syntyneet. Ennen pentujen syntym\u00e4\u00e4 en voi kenellek\u00e4\u00e4n luvata pentua, sill\u00e4 enh\u00e4n luonnollisesti etuk\u00e4teen tied\u00e4, mit\u00e4 sukupuolta syntyv\u00e4t pennut ovat ja sujuuko synnytys hyvin.<\/p>\n\n\n\n<p>Ota rohkeasti yhteytt\u00e4 ja tiedustele pentusuunnitelmistamme ja tule tutustumaan rotuun!<\/p>\n\n\n\n<figure class=\"wp-block-image\"><img decoding=\"async\" src=\"https:\/\/chanceux.fi\/attachments\/Image\/logo_chanceux.jpg?template=generic\" alt=\"\"\/><\/figure>\n","protected":false},"excerpt":{"rendered":"<p>Sade-Maria PeteriRovaniemi kennel.chanceux (at) gmail.com Koska koiraharrastus on minulle nimenomaan harrastus muun el\u00e4m\u00e4n ohessa, otan pentukyselyit\u00e4 vastaan ainoastaan s\u00e4hk\u00f6postitse, koska minulla ei ole t\u00f6iden ja lapsiperhearjen keskell\u00e4 aikaa vastata pentukyselyihin puhelimitse. Puhelinkeskusteluun p\u00e4\u00e4st\u00e4\u00e4n niiden perheiden kanssa, joille pentua olisin harkitsemassa, siin\u00e4 vaiheessa kun pennut ovat syntyneet. Ennen pentujen syntym\u00e4\u00e4 en voi kenellek\u00e4\u00e4n luvata pentua, sill\u00e4 [&hellip;]<\/p>\n","protected":false},"author":1,"featured_media":0,"parent":0,"menu_order":0,"comment_status":"closed","ping_status":"open","template":"","meta":{"footnotes":""},"class_list":["post-2","page","type-page","status-publish","hentry"],"_links":{"self":[{"href":"https:\/\/www.chanceux.fi\/index.php\/wp-json\/wp\/v2\/pages\/2","targetHints":{"allow":["GET"]}}],"collection":[{"href":"https:\/\/www.chanceux.fi\/index.php\/wp-json\/wp\/v2\/pages"}],"about":[{"href":"https:\/\/www.chanceux.fi\/index.php\/wp-json\/wp\/v2\/types\/page"}],"author":[{"embeddable":true,"href":"https:\/\/www.chanceux.fi\/index.php\/wp-json\/wp\/v2\/users\/1"}],"replies":[{"embeddable":true,"href":"https:\/\/www.chanceux.fi\/index.php\/wp-json\/wp\/v2\/comments?post=2"}],"version-history":[{"count":2,"href":"https:\/\/www.chanceux.fi\/index.php\/wp-json\/wp\/v2\/pages\/2\/revisions"}],"predecessor-version":[{"id":16,"href":"https:\/\/www.chanceux.fi\/index.php\/wp-json\/wp\/v2\/pages\/2\/revisions\/16"}],"wp:attachment":[{"href":"https:\/\/www.chanceux.fi\/index.php\/wp-json\/wp\/v2\/media?parent=2"}],"curies":[{"name":"wp","href":"https:\/\/api.w.org\/{rel}","templated":true}]}}