{"id":10,"date":"2026-04-21T12:45:57","date_gmt":"2026-04-21T12:45:57","guid":{"rendered":"https:\/\/www.chanceux.fi\/?page_id=10"},"modified":"2026-04-21T12:48:12","modified_gmt":"2026-04-21T12:48:12","slug":"pentulaatikko-puppies","status":"publish","type":"page","link":"https:\/\/www.chanceux.fi\/index.php\/pentulaatikko-puppies\/","title":{"rendered":"Pentulaatikko \/ Puppies"},"content":{"rendered":"\n<div class=\"wp-block-group alignfull is-style-section-5 is-layout-flow wp-block-group-is-layout-flow is-style-section-5--1\" style=\"min-height:100vh;margin-top:0;margin-bottom:0;padding-top:var(--wp--preset--spacing--50);padding-right:var(--wp--preset--spacing--50);padding-bottom:var(--wp--preset--spacing--50);padding-left:var(--wp--preset--spacing--50)\">\n<div class=\"wp-block-columns alignfull is-layout-flex wp-container-core-columns-is-layout-47c06fe3 wp-block-columns-is-layout-flex\">\n<div class=\"wp-block-column is-layout-flow wp-block-column-is-layout-flow\">\n<div class=\"wp-block-cover is-light\" style=\"min-height:100vh;aspect-ratio:unset;\"><img loading=\"lazy\" decoding=\"async\" width=\"1024\" height=\"907\" class=\"wp-block-cover__image-background wp-image-12 size-large\" alt=\"\" src=\"https:\/\/www.chanceux.fi\/wp-content\/uploads\/2026\/04\/IMG_26071-1024x907.jpg\" data-object-fit=\"cover\" srcset=\"https:\/\/www.chanceux.fi\/wp-content\/uploads\/2026\/04\/IMG_26071-1024x907.jpg 1024w, https:\/\/www.chanceux.fi\/wp-content\/uploads\/2026\/04\/IMG_26071-300x266.jpg 300w, https:\/\/www.chanceux.fi\/wp-content\/uploads\/2026\/04\/IMG_26071-768x680.jpg 768w, https:\/\/www.chanceux.fi\/wp-content\/uploads\/2026\/04\/IMG_26071-1536x1360.jpg 1536w, https:\/\/www.chanceux.fi\/wp-content\/uploads\/2026\/04\/IMG_26071-2048x1814.jpg 2048w\" sizes=\"auto, (max-width: 1024px) 100vw, 1024px\" \/><span aria-hidden=\"true\" class=\"wp-block-cover__background has-background-dim-0 has-background-dim\" style=\"background-color:#818181\"><\/span><div class=\"wp-block-cover__inner-container is-layout-flow wp-block-cover-is-layout-flow\">\n<div style=\"height:var(--wp--preset--spacing--20)\" aria-hidden=\"true\" class=\"wp-block-spacer\"><\/div>\n<\/div><\/div>\n<\/div>\n\n\n\n<div class=\"wp-block-column is-layout-flow wp-block-column-is-layout-flow\">\n<div class=\"wp-block-group is-vertical is-content-justification-stretch is-nowrap is-layout-flex wp-container-core-group-is-layout-9a2e2d63 wp-block-group-is-layout-flex\" style=\"min-height:100%\">\n<p class=\"has-text-align-left has-x-large-font-size\" style=\"line-height:1.2\"><strong>Pentusuunnitelmia 2026<\/strong><\/p>\n\n\n\n<p><strong>Toivomme pentuja syntyv\u00e4ksi touko-kes\u00e4kuun vaihteessa, luovutus hein\u00e4kuun lopulla<\/strong><strong>.<\/strong><\/p>\n\n\n\n<p>Viime vuosina pentukyselyiden m\u00e4\u00e4r\u00e4 on ollut valtavaa ja on selv\u00e4\u00e4, ettei jokainen pentua etsiv\u00e4 l\u00f6yd\u00e4 itselleen sopivaa pentua heti omiin aikatauluihin parhaiten sopivasti. Kasvattajana muistutan, ett\u00e4 hyv\u00e4\u00e4 kannattaa odottaa ja mik\u00e4li pennunhankinta olisi ajankohtaista juuri nyt, mutta ei ensi kev\u00e4\u00e4n\u00e4 tai syksyll\u00e4, kannattaa pys\u00e4hty\u00e4 miettim\u00e4\u00e4n sit\u00e4, onko koiralle ylip\u00e4\u00e4t\u00e4\u00e4n aikaa vuoden tai 10 vuoden kuluttua. Mik\u00e4li oma el\u00e4m\u00e4ntilanne on hyvin kiireinen, eik\u00e4 kotona ehdi viett\u00e4\u00e4 aikaa, ei lemmikki\u00e4 kannata sellaiseen el\u00e4m\u00e4ntilanteeseen hankkia. Ennen yhteydenottoa pyyd\u00e4n harkitsemaan viel\u00e4 kerran omaa el\u00e4m\u00e4ntilannetta ja sit\u00e4, onhan koira rakas perheenj\u00e4sen viel\u00e4 10 vuodenkin kuluttua.<\/p>\n\n\n\n<p><strong>Mik\u00e4li teill\u00e4 olisi coton-palleron ment\u00e4v\u00e4 aukko perheess\u00e4nne,&nbsp;<em>ottakaa yhteytt\u00e4&nbsp;<\/em><em>s\u00e4hk\u00f6postitse<\/em>.&nbsp;<\/strong><\/p>\n\n\n\n<p><\/p>\n\n\n\n<p>Kasvatusty\u00f6ss\u00e4ni pyrin siihen, ett\u00e4 jokaisen syntyv\u00e4n pentueen vanhemmat ovat<\/p>\n\n\n\n<ul class=\"wp-block-list\">\n<li>silm\u00e4- ja polvitarkastettu terveiksi,<\/li>\n<\/ul>\n\n\n\n<ul class=\"wp-block-list\">\n<li>virallisesti lonkka-, kyyn\u00e4r\u00e4- ja selk\u00e4kuvatut<\/li>\n<\/ul>\n\n\n\n<ul class=\"wp-block-list\">\n<li>sek\u00e4 DNA-testatut, varmistaaksemme, etteiv\u00e4t pennut voi sairastua n\u00e4ihin muutamiin sairauksiin.<\/li>\n<\/ul>\n\n\n\n<p><em>Voisiko perheenne uusi karvainen j\u00e4sen ollakin sijoituskoira?<\/em><\/p>\n\n\n\n<p><em>Turkinhoidossa avustetaan ja<\/em> <em>siihen opastetaan kasvattajan toimesta.<\/em><\/p>\n\n\n\n<p><em>Huom! Sijoituskoira ei automaattisesti tarkoita pitk\u00e4turkkista n\u00e4yttelyt\u00e4hte\u00e4, vaan joskus etsimme sijoituskotia my\u00f6s ilman vaatimusta pitk\u00e4st\u00e4 turkista, ainoastaan jalostusta ajatellen.<\/em><\/p>\n\n\n\n<p><em>\u00a0Mik\u00e4li sijoituskoira kiinnostaa vaihtoehtona,<\/em> <em>ota yhteytt\u00e4 ja jutellaan asiasta!<\/em><\/p>\n\n\n\n<p>(P\u00e4ivitetty 21.4.2026)<\/p>\n\n\n\n<figure class=\"wp-block-image\"><img decoding=\"async\" src=\"https:\/\/chanceux.fi\/attachments\/Image\/10646860_10153207661428188_3358970040113208752_n_2.jpg?template=generic\" alt=\"\"\/><\/figure>\n\n\n\n<p>Coton on sanan varsinaisessa merkityksess\u00e4 seurakoira, joka nauttii perheen kanssa vietetyst\u00e4 ajasta, on se sitten yhdess\u00e4 ulkoilua tai sohvalla makoilua. Siksi onkin todella t\u00e4rke\u00e4\u00e4 koiran hyvinvoinnin kannalta, ett\u00e4 se oppii heti pienest\u00e4 pit\u00e4en olemaan yksin kotona, eik\u00e4 stressaa joka p\u00e4iv\u00e4 kotiv\u00e4en ty\u00f6- \/ koulup\u00e4iv\u00e4n aikana.<\/p>\n\n\n\n<p>Ehdottomasti suosituin ajankohta pennunhankinnalle on kes\u00e4loma-aika sek\u00e4 joulunaika. Kasvattajana haluan muistuttaa perheit\u00e4 siit\u00e4, ettei pennun saapumiseen uuteen kotiin tarvitse v\u00e4ltt\u00e4m\u00e4tt\u00e4 pit\u00e4\u00e4 pidemp\u00e4\u00e4 lomaa, vaan muutaman p\u00e4iv\u00e4n mittainen &#8221;vanhempainvapaa&#8221; on aivan riitt\u00e4v\u00e4. T\u00e4ll\u00f6in pentu p\u00e4\u00e4see mahdollisimman nopeasti kiinni perheen normaaliin arkirytmiin ja opettelemaan yksinoloa. Loma-aikoina t\u00e4t\u00e4 heti aloitettavaa yksinolon harjoittelua ei saa miss\u00e4\u00e4n tapauksessa unohtaa, koska muutoin pentu kokee j\u00e4rkytyksen siin\u00e4 vaiheessa, kun lomat loppuvat ja arki koittaa.&nbsp;<\/p>\n\n\n\n<p>Pennunhankintaa miettiess\u00e4si ajankohdalla ei siis sin\u00e4ns\u00e4 ole merkityst\u00e4 lomia ajatellen, jos pentu muutoin sopii tulevan perheen arkeen.<\/p>\n\n\n\n<p><br>Luethan my\u00f6s&nbsp;Pentua hankkimassa&nbsp;ja tutustu my\u00f6s hyv\u00e4\u00e4n kirjoitukseen&nbsp;<a href=\"https:\/\/greenperrys.wordpress.com\/artikkeleita\/ajatuksia-koirabisneksista\/\" target=\"_blank\" rel=\"noreferrer noopener\">koirabisneksest\u00e4<\/a><br><br>Kauppakirjoina k\u00e4yt\u00e4n Suomen Kennelliiton sopimuksia koiran kaupasta sek\u00e4 sijoitussopimusta oman lis\u00e4liitteen kera.<br><br>Meilt\u00e4 l\u00e4htiess\u00e4\u00e4n pentu:<br>&#8211; on useaan kertaan madotettu<br>&#8211; on sirutettu<br>&#8211; on rekister\u00f6ity Suomen Kennelliittoon<br>&#8211; on pentutarkastettu el\u00e4inl\u00e4\u00e4k\u00e4rin toimesta<br>&#8211; saa mukaansa pentupaketin, joka sis\u00e4lt\u00e4\u00e4 muun muassa tuttua ruokaa, leluja, kattavan kirjallisen hoito-ohjeen, viltin tutuilla hajuilla.<br><br>Meill\u00e4 koirat el\u00e4v\u00e4t ja kasvavat samoissa tiloissa ihmisten kanssa, meill\u00e4 ei siis ole erillisi\u00e4 kenneltiloja. Koirat kuuluvat olennaisena osana el\u00e4m\u00e4\u00e4mme ja arkeemme, joten haluamme pit\u00e4\u00e4 kotilauman kohtuullisen kokoisena, jotta aikaa riitt\u00e4\u00e4 jokaiselle koiralle.<br><br><br><strong>En myy pentuja osamaksulla, enk\u00e4 vastaa tekstiviestikyselyihin.&nbsp;<\/strong><br><br>Sopimukset:<br><a href=\"http:\/\/www.kennelliitto.fi\/sites\/default\/files\/media\/sopimus_koiran_kaupasta2013.pdf\" target=\"_blank\" rel=\"noreferrer noopener\">Sopimus koiran kaupasta<\/a><br><a href=\"http:\/\/www.kennelliitto.fi\/sites\/default\/files\/media\/sijoitussopimus_narttu_2013.pdf\" target=\"_blank\" rel=\"noreferrer noopener\">Sopimus nartun sijoituksesta<\/a><\/p>\n\n\n\n<figure class=\"wp-block-table\"><table class=\"has-fixed-layout\"><tbody><tr><td>Cotonin pentua hankkimassa?<em>Mik\u00e4 Coton de Tul\u00e9ar?<\/em>Coton de Tul\u00e9ar eli cotoni\/cottoni on pienikokoinen, iloinen, pitk\u00e4turkkinen seurakoira. Turkki on laadultaan rodun nimen mukaisesti puuvillamaista ja vaatii s\u00e4\u00e4nn\u00f6llist\u00e4 viikottaista hoitoa.Turkki on cotonin ylpeys ja arvostan perheit\u00e4, jotka sitoutuvat hoitamaan koiran turkin, sill\u00e4 turkki kuuluu oleellisesti t\u00e4h\u00e4n rotuun ja cotonin hoitoon.&nbsp;Jos ajatuksenasi on leikata turkki lyhyeksi ennen kuin se ehtii kasvaakaan, suosittelisin harkitsemaan uudemman kerran rotuvalintaa.Huomioithan, ett\u00e4 turkki ei lyhyen\u00e4 ole yht\u00e4\u00e4n pitk\u00e4\u00e4 turkkia haasteellisempi hoitaa, vaan vaatii aivan samanlaista huoltoa kuin pitk\u00e4kin. Oman kokemukseni mukaan pitk\u00e4 turkki on paljon helpompi hoitaa, lyhyt takkuuntuu helpommin ja takkuja on hankalampi selvitt\u00e4\u00e4, kun ne ovat l\u00e4hell\u00e4 ihoa. Turkeissa on eroja ja toinen vaatii selke\u00e4sti enemm\u00e4n vaivann\u00e4k\u00f6\u00e4 kuin toinen. P\u00e4\u00e4asia on kuitenkin se, ett\u00e4 turkki on takuton, eik\u00e4 koira k\u00e4rsi turkin hoitamattomuuden vuoksi.Viikossa yhden cotonin turkinhoitoon menee aikaa 1-2h omistajan taidoista ja koiran turkista riippuen, joten valtavaa ponnistelua turkinhoito ei vaadi. Ainoastaan max 1 cm pitk\u00e4 s\u00e4nki ei takuta!<em>N\u00e4in varmistat, ettet tue pentutehtaita tai laitonta maahantuontia<\/em>:\u2022 Varmista rotukoiraa ostaessa, ett\u00e4 myyj\u00e4ll\u00e4 on kennelnimi ja ett\u00e4 se on aito.\u2022 \u00c4l\u00e4 osta yksityiselt\u00e4 ihmiselt\u00e4 koiraa, ellet tunne t\u00e4t\u00e4 entuudestaan tai ehdi tutustua henkil\u00f6\u00f6n perusteellisesti.\u2022 Varo erityisesti lehti- ja internetilmoituksia, joissa sama myyj\u00e4 kaupittelee monenlaisia koiria ja joiden ilmoittajalla on prepaid-liittym\u00e4.\u2022 \u00c4l\u00e4 osta paperitonta rotukoiraa.\u2022 Vaadi p\u00e4\u00e4st\u00e4 n\u00e4kem\u00e4\u00e4n emo ja pennut pitopaikassaan.\u2022 Luotettava myyj\u00e4 on kiinnostunut koiran uudesta kodista ja ostajasta.\u2022 Jos ostotilanteessa on mit\u00e4\u00e4n ep\u00e4ilytt\u00e4v\u00e4\u00e4, \u00e4l\u00e4 osta koiraa.\u2022 \u00c4l\u00e4 ikin\u00e4 osta el\u00e4int\u00e4 s\u00e4\u00e4list\u00e4.\u2022 Tee koirasta aina kirjallinen kauppasopimus.Vaikka cotonia pidet\u00e4\u00e4nkin moniin muihin rotuihin verrattuna v\u00e4hemm\u00e4n allergisoivana, ei mik\u00e4\u00e4n koirarotu ole t\u00e4ysin allergiavapaa, jos joku muuta v\u00e4itt\u00e4\u00e4, valehtelee.. Siksi kehotankin jokaista \u201dallergia-koiraa\u201d etsiv\u00e4\u00e4 tutustumaan ensin rotuun ja miettim\u00e4\u00e4n, miksi juuri t\u00e4m\u00e4 rotu olisi meille sopiva. Ainoa syy rodun valitsemiselle ei voi olla se, ett\u00e4 koira ei allergisoi. On olemassa my\u00f6s muita v\u00e4hemm\u00e4n allergisoivia rotuja, jotka voisivat sopia paremmin ja miellytt\u00e4\u00e4 luonteensa puolesta enemm\u00e4n. Jokaisella rodulla on omat ominaispiirteens\u00e4 ja rotuvalinnan tulisi pohjustua niihin.Seuraavaksi tulisi mietti\u00e4 kysymyksi\u00e4:Miksi koira?Onko tarpeeksi aikaa?Kuinka paljon koira ja sen pito maksaa?Mit\u00e4 sen kanssa tehd\u00e4\u00e4n?Iso vai pieni?Mink\u00e4 rotuinen?Pentu vai aikuinen?Jos viel\u00e4 yll\u00e4 oleviin kysymyksiin l\u00f6ytyy vastaukset ja koet olevasi valmis hankkimaan koiran, ota yhteytt\u00e4 rodun kasvattajiin. Valitse kasvattaja, jonka kanssa tulet hyvin toimeen, sill\u00e4 jokainen vastuullinen kasvattaja haluaa pit\u00e4\u00e4 yhteytt\u00e4, kuulla kuulumisia, antaa neuvoja ja tukea kasvatin omistajilleen.Ennen koiran hankkimista kannattaa lukea koirakirjallisuutta sek\u00e4 vierailla erilaisissa koiratapahtumissa tutustumassa&nbsp;itse\u00e4\u00e4n kiinnostavaan rotuun. Monet kasvattajat vastaavat mielell\u00e4\u00e4n omaa rotua koskeviin kysymyksiin&nbsp;ja&nbsp;ottavat vierailijoita vastaan tutustumaan rotuun. Huomioithan kuitenkin, ett\u00e4 meill\u00e4 jokaisella on omat menomme, eik\u00e4 kasvattaja ota vieraita vastaan aina lyhyell\u00e4 varoitusajalla. Tapaamisesta kasvattajan kotona on ehdottomasti sovittava etuk\u00e4teen.Koiraa ei koskaan pid\u00e4 ottaa hetken mielijohteesta. Vaikka cotoni s\u00f6p\u00f6 onkin, se ei kuitenkaan ole koriste tai lelu lapsille. Koiraa otettaessa lapsiperheeseen t\u00e4ytyy muistaa, ett\u00e4 aikuinen on aina vastuussa koirasta, sit\u00e4 ei voida hankkia ainoastaan lapselle.Koira sitoo koko elini\u00e4kseen. L\u00e4htiess\u00e4si jonnekin, t\u00e4ytyy koiralle olla hoitopaikka. Mik\u00e4li joudut matkustelemaan paljon, mieti onko koiran edun mukaista olla v\u00e4h\u00e4n v\u00e4li\u00e4 hoidossa jossakin muualla &#8211; erossa omasta &#8221;laumasta&#8221;. Koirasta luopumisen syyn\u00e4 ei pit\u00e4isi koskaan olla muutto, opiskelu, lapsen tai muut muuttuneet el\u00e4m\u00e4nkuviot.Jos tulevaisuus n\u00e4ytt\u00e4\u00e4 silt\u00e4, ett\u00e4 edess\u00e4 on valtavia muutoksia, niin kannattaa mietti\u00e4, onko juuri nyt hyv\u00e4 aika ottaa uusi perheenj\u00e4sen.<\/td><\/tr><\/tbody><\/table><\/figure>\n\n\n\n<p class=\"has-text-align-left has-x-large-font-size\" style=\"line-height:1.2\"><\/p>\n\n\n\n<div class=\"wp-block-group is-nowrap is-layout-flex wp-container-core-group-is-layout-f1189ed3 wp-block-group-is-layout-flex\">\n<p><a href=\"#\">Instagram<\/a><\/p>\n\n\n\n<p><a href=\"#\">X<\/a><\/p>\n\n\n\n<p><a href=\"#\">TikTok<\/a><\/p>\n<\/div>\n<\/div>\n<\/div>\n<\/div>\n<\/div>\n","protected":false},"excerpt":{"rendered":"<p>Pentusuunnitelmia 2026 Toivomme pentuja syntyv\u00e4ksi touko-kes\u00e4kuun vaihteessa, luovutus hein\u00e4kuun lopulla. Viime vuosina pentukyselyiden m\u00e4\u00e4r\u00e4 on ollut valtavaa ja on selv\u00e4\u00e4, ettei jokainen pentua etsiv\u00e4 l\u00f6yd\u00e4 itselleen sopivaa pentua heti omiin aikatauluihin parhaiten sopivasti. Kasvattajana muistutan, ett\u00e4 hyv\u00e4\u00e4 kannattaa odottaa ja mik\u00e4li pennunhankinta olisi ajankohtaista juuri nyt, mutta ei ensi kev\u00e4\u00e4n\u00e4 tai syksyll\u00e4, kannattaa pys\u00e4hty\u00e4 miettim\u00e4\u00e4n [&hellip;]<\/p>\n","protected":false},"author":1,"featured_media":0,"parent":0,"menu_order":0,"comment_status":"closed","ping_status":"closed","template":"","meta":{"footnotes":""},"class_list":["post-10","page","type-page","status-publish","hentry"],"_links":{"self":[{"href":"https:\/\/www.chanceux.fi\/index.php\/wp-json\/wp\/v2\/pages\/10","targetHints":{"allow":["GET"]}}],"collection":[{"href":"https:\/\/www.chanceux.fi\/index.php\/wp-json\/wp\/v2\/pages"}],"about":[{"href":"https:\/\/www.chanceux.fi\/index.php\/wp-json\/wp\/v2\/types\/page"}],"author":[{"embeddable":true,"href":"https:\/\/www.chanceux.fi\/index.php\/wp-json\/wp\/v2\/users\/1"}],"replies":[{"embeddable":true,"href":"https:\/\/www.chanceux.fi\/index.php\/wp-json\/wp\/v2\/comments?post=10"}],"version-history":[{"count":2,"href":"https:\/\/www.chanceux.fi\/index.php\/wp-json\/wp\/v2\/pages\/10\/revisions"}],"predecessor-version":[{"id":13,"href":"https:\/\/www.chanceux.fi\/index.php\/wp-json\/wp\/v2\/pages\/10\/revisions\/13"}],"wp:attachment":[{"href":"https:\/\/www.chanceux.fi\/index.php\/wp-json\/wp\/v2\/media?parent=10"}],"curies":[{"name":"wp","href":"https:\/\/api.w.org\/{rel}","templated":true}]}}